{"id":6170,"date":"2021-12-17T04:52:38","date_gmt":"2021-12-17T03:52:38","guid":{"rendered":"https:\/\/endurotouren-schmiede.de\/?page_id=6170"},"modified":"2025-06-08T03:14:08","modified_gmt":"2025-06-08T01:14:08","slug":"teile-markt","status":"publish","type":"page","link":"https:\/\/endurotouren-schmiede.de\/?page_id=6170","title":{"rendered":"Teile Markt"},"content":{"rendered":"\n<p><strong>Suche <\/strong>folgende Cagiva Elefant Teile auch Tausch <\/p>\n\n\n\n<p>.. info&#8230; <strong>verkaufe selbst keine Teile<\/strong> ..<\/p>\n\n\n\n<p>Vorderrad  900er od. Nabe  \/   Luftfilterdeckel <br>Sitzbank   \/    Auspufftopf   <br>Heckkotfl\u00fcgel kompl. mit Innenkotfl\u00fcgel,..  auch mit org. Blinker  <br> Kennzeichentr\u00e4ger  = Heckkotiteil<br> 1-2 Seitendeckelsatz \/  2-3 rechte Seitendeckel   <br>1-2 linke Soziusfu\u00dfrastenhalter   <br> Bremsscheiben hinten \/  Bremsscheiben Vorne 900er\/ 282 mm  Z\u00fcndschlo\u00df  gut + Z\u00fcndschlo\u00dfabdeckung 900er<br> Tachor\u00fccksteller mit kleinteilen(auch deff.) <br>Kettenspannerplatte R L + Schraube <br> Sitzbankverschlu\u00dfst\u00fcck  auch Bet\u00e4tigungszug  <br>u. <strong>Hebelei <\/strong>unter Helmschlo\u00df   <br>Schwingachse kompl. (Rahmenseite) +Motorhalteschrauben + Muttern  Schraubensatz \/ Schraubenkiste  <br> die Tank bzw , Benzinhahneinschrauber<\/p>\n\n\n\n<p><\/p>\n\n\n\n<p><strong>Biete f\u00fcr IE u. GT<\/strong><\/p>\n\n\n\n<p>Bremszangenaufnahme hinten f. Nissin <br> guten IE GT <strong>Tank<\/strong> Anthrazit <br>IE rechten <strong>Seitendeckel <\/strong>gut, nicht verschmort <br> <strong>IE Tank <\/strong>org. lack (Tankmuffen neu eingeklebt) <br>  2 Rumgeschwei\u00dfte IE T\u00f6pfe<br><\/p>\n\n\n\n<div class=\"wp-block-group\"><div class=\"wp-block-group__inner-container is-layout-constrained wp-block-group-is-layout-constrained\">\n<div class=\"wp-block-columns is-layout-flex wp-container-core-columns-is-layout-9d6595d7 wp-block-columns-is-layout-flex\">\n<div class=\"wp-block-column is-layout-flow wp-block-column-is-layout-flow\" style=\"flex-basis:100%\">\n<div class=\"wp-block-columns is-layout-flex wp-container-core-columns-is-layout-9d6595d7 wp-block-columns-is-layout-flex\">\n<div class=\"wp-block-column is-layout-flow wp-block-column-is-layout-flow\" style=\"flex-basis:100%\">\n<figure class=\"wp-block-gallery has-nested-images columns-default is-cropped wp-block-gallery-1 is-layout-flex wp-block-gallery-is-layout-flex\"><\/figure>\n<\/div>\n<\/div>\n<\/div>\n<\/div>\n\n\n\n<p>&#8230; Bilder Tank, ect. folgen..<\/p>\n\n\n\n<p><\/p>\n<\/div><\/div>\n\n\n\n<figure class=\"wp-block-gallery has-nested-images columns-default is-cropped wp-block-gallery-2 is-layout-flex wp-block-gallery-is-layout-flex\">\n<figure class=\"wp-block-image size-large\"><a href=\"https:\/\/endurotouren-schmiede.de\/wp-content\/uploads\/2023\/02\/IMG_6349.jpg\"><img loading=\"lazy\" decoding=\"async\" width=\"1024\" height=\"768\" data-id=\"6778\" src=\"https:\/\/endurotouren-schmiede.de\/wp-content\/uploads\/2023\/02\/IMG_6349-1024x768.jpg\" alt=\"\" class=\"wp-image-6778\" srcset=\"https:\/\/endurotouren-schmiede.de\/wp-content\/uploads\/2023\/02\/IMG_6349-1024x768.jpg 1024w, https:\/\/endurotouren-schmiede.de\/wp-content\/uploads\/2023\/02\/IMG_6349-300x225.jpg 300w, https:\/\/endurotouren-schmiede.de\/wp-content\/uploads\/2023\/02\/IMG_6349-768x576.jpg 768w, https:\/\/endurotouren-schmiede.de\/wp-content\/uploads\/2023\/02\/IMG_6349-1536x1152.jpg 1536w, https:\/\/endurotouren-schmiede.de\/wp-content\/uploads\/2023\/02\/IMG_6349.jpg 2048w\" sizes=\"auto, (max-width: 1024px) 100vw, 1024px\" \/><\/a><figcaption class=\"wp-element-caption\">dieses 1B Fahrgestell ist verkauft<\/figcaption><\/figure>\n<\/figure>\n\n\n\n<figure class=\"wp-block-gallery has-nested-images columns-default is-cropped wp-block-gallery-3 is-layout-flex wp-block-gallery-is-layout-flex\">\n<figure class=\"wp-block-image size-large\"><a href=\"https:\/\/endurotouren-schmiede.de\/wp-content\/uploads\/2024\/08\/IMG_3610.jpg\"><img decoding=\"async\" data-id=\"7315\" src=\"https:\/\/endurotouren-schmiede.de\/wp-content\/uploads\/2024\/08\/IMG_3610.jpg\" alt=\"\" class=\"wp-image-7315\"\/><\/a><\/figure>\n\n\n\n<figure class=\"wp-block-image size-large\"><a href=\"https:\/\/endurotouren-schmiede.de\/wp-content\/uploads\/2024\/08\/IMG_3613.jpg\"><img decoding=\"async\" data-id=\"7316\" src=\"https:\/\/endurotouren-schmiede.de\/wp-content\/uploads\/2024\/08\/IMG_3613.jpg\" alt=\"\" class=\"wp-image-7316\"\/><\/a><\/figure>\n\n\n\n<figure class=\"wp-block-image size-large\"><a href=\"https:\/\/endurotouren-schmiede.de\/wp-content\/uploads\/2024\/08\/IMG_3616-scaled.jpg\"><img loading=\"lazy\" decoding=\"async\" width=\"1024\" height=\"768\" data-id=\"7318\" src=\"https:\/\/endurotouren-schmiede.de\/wp-content\/uploads\/2024\/08\/IMG_3616-1024x768.jpg\" alt=\"\" class=\"wp-image-7318\" srcset=\"https:\/\/endurotouren-schmiede.de\/wp-content\/uploads\/2024\/08\/IMG_3616-1024x768.jpg 1024w, https:\/\/endurotouren-schmiede.de\/wp-content\/uploads\/2024\/08\/IMG_3616-300x225.jpg 300w, https:\/\/endurotouren-schmiede.de\/wp-content\/uploads\/2024\/08\/IMG_3616-768x576.jpg 768w, https:\/\/endurotouren-schmiede.de\/wp-content\/uploads\/2024\/08\/IMG_3616-1536x1152.jpg 1536w, https:\/\/endurotouren-schmiede.de\/wp-content\/uploads\/2024\/08\/IMG_3616-2048x1536.jpg 2048w\" sizes=\"auto, (max-width: 1024px) 100vw, 1024px\" \/><\/a><\/figure>\n\n\n\n<figure class=\"wp-block-image size-large\"><a href=\"https:\/\/endurotouren-schmiede.de\/wp-content\/uploads\/2024\/08\/IMG_3621.jpg\"><img decoding=\"async\" data-id=\"7314\" src=\"https:\/\/endurotouren-schmiede.de\/wp-content\/uploads\/2024\/08\/IMG_3621.jpg\" alt=\"\" class=\"wp-image-7314\"\/><\/a><\/figure>\n\n\n\n<figure class=\"wp-block-image size-large\"><a href=\"https:\/\/endurotouren-schmiede.de\/wp-content\/uploads\/2024\/08\/IMG_3619.jpg\"><img decoding=\"async\" data-id=\"7317\" src=\"https:\/\/endurotouren-schmiede.de\/wp-content\/uploads\/2024\/08\/IMG_3619.jpg\" alt=\"\" class=\"wp-image-7317\"\/><\/a><\/figure>\n<\/figure>\n\n\n\n<p>diese 900 IE   wurde  02,2025 Verkauft<\/p>\n","protected":false},"excerpt":{"rendered":"<p>Suche folgende Cagiva Elefant Teile auch Tausch .. info&#8230; verkaufe selbst keine Teile .. Vorderrad 900er od. Nabe \/ Luftfilterdeckel Sitzbank \/ Auspufftopf Heckkotfl\u00fcgel kompl. mit Innenkotfl\u00fcgel,.. auch mit org. Blinker Kennzeichentr\u00e4ger = Heckkotiteil 1-2 Seitendeckelsatz \/ 2-3 rechte Seitendeckel 1-2 linke Soziusfu\u00dfrastenhalter Bremsscheiben hinten \/ Bremsscheiben Vorne 900er\/ 282 mm Z\u00fcndschlo\u00df gut + Z\u00fcndschlo\u00dfabdeckung &hellip; <a href=\"https:\/\/endurotouren-schmiede.de\/?page_id=6170\" class=\"more-link\"><span class=\"screen-reader-text\">Teile Markt<\/span> weiterlesen <span class=\"meta-nav\">&rarr;<\/span><\/a><\/p>\n","protected":false},"author":2,"featured_media":0,"parent":0,"menu_order":0,"comment_status":"closed","ping_status":"closed","template":"","meta":{"footnotes":""},"class_list":["post-6170","page","type-page","status-publish","hentry"],"_links":{"self":[{"href":"https:\/\/endurotouren-schmiede.de\/index.php?rest_route=\/wp\/v2\/pages\/6170","targetHints":{"allow":["GET"]}}],"collection":[{"href":"https:\/\/endurotouren-schmiede.de\/index.php?rest_route=\/wp\/v2\/pages"}],"about":[{"href":"https:\/\/endurotouren-schmiede.de\/index.php?rest_route=\/wp\/v2\/types\/page"}],"author":[{"embeddable":true,"href":"https:\/\/endurotouren-schmiede.de\/index.php?rest_route=\/wp\/v2\/users\/2"}],"replies":[{"embeddable":true,"href":"https:\/\/endurotouren-schmiede.de\/index.php?rest_route=%2Fwp%2Fv2%2Fcomments&post=6170"}],"version-history":[{"count":21,"href":"https:\/\/endurotouren-schmiede.de\/index.php?rest_route=\/wp\/v2\/pages\/6170\/revisions"}],"predecessor-version":[{"id":7577,"href":"https:\/\/endurotouren-schmiede.de\/index.php?rest_route=\/wp\/v2\/pages\/6170\/revisions\/7577"}],"wp:attachment":[{"href":"https:\/\/endurotouren-schmiede.de\/index.php?rest_route=%2Fwp%2Fv2%2Fmedia&parent=6170"}],"curies":[{"name":"wp","href":"https:\/\/api.w.org\/{rel}","templated":true}]}}