{"id":1438,"date":"2015-05-25T07:24:26","date_gmt":"2015-05-25T05:24:26","guid":{"rendered":"http:\/\/endurotouren-schmiede.de\/?page_id=1438"},"modified":"2025-11-15T07:14:50","modified_gmt":"2025-11-15T06:14:50","slug":"vorschau","status":"publish","type":"page","link":"https:\/\/endurotouren-schmiede.de\/?page_id=1438","title":{"rendered":"Vorschau"},"content":{"rendered":"\n<hr class=\"wp-block-separator has-alpha-channel-opacity\"\/>\n\n\n\n<p><strong>z.&nbsp;Z. m\u00f6gliche geplante Ausfahrten<\/strong> ;<\/p>\n\n\n\n<hr class=\"wp-block-separator has-alpha-channel-opacity\"\/>\n\n\n\n<p>12. 25  Lt. Stammtisch fliegt der Pozzy \u00fcber Weihnachten ect. nach Thailand,..zum Mopedfahren,.                                                                                         .ich frag mich woh der wieder \u00fcberall hintre greid..<\/p>\n\n\n\n<p>ab sommer und herbst bin ich wieder am kabelziehen,.. tut GuT..<\/p>\n\n\n\n<p>hatte in Fr\u00fchjahr 25 eine geplante Herz OP.. \/es alles gut gegangen,..<\/p>\n\n\n\n<p>in . 24  paar intressante Ausfahrten gemacht,.. aber nix gro\u00dfes,..<\/p>\n\n\n\n<p>&#8230; zu meiner schrauberei mit de Domis bin nich nicht gekommen..<\/p>\n\n\n\n<p>01. 24  hab a paar von meinen Motos  abgemeldet, und baue z.Z. die Schotter Dominator und vermutlich noch eine Domi  f\u00fcr Endurowandern wieder auf,,<\/p>\n\n\n\n<p>3\/4. 23 war Moto m\u00e4\u00dfig noch eher ein ruhiges Jahr  \/ hab die KTM SMT angemeldet und mit den Freunden ende Mai nach Sardinien Gefahren .. war ganz gut ..  \/\/ CMT hatte ich geplant aber .. mehrere hatten nicht Zeit, .. sind dann mit den E Bikes nach K\u00e4rnten gefahren,.. zeit f\u00fcr uns tat uns eh gut, denn sie knappert schon langsam an unserer Gesundheit \/\/  werde zum ende des Jahres meine Schlosserei runterfahren .. <\/p>\n\n\n\n<p>01. 23&nbsp; werde heuer wieder die CMT machen,.. es geht nach K\u00e4rnten\/u. SLO..&nbsp; &nbsp; &nbsp; und werde mit nach Sardinien fahren,..<\/p>\n\n\n\n<p>8 \/9. 22&nbsp; &nbsp;paar kleinere Ausfahrten und mal die Nockalmstra\u00dfe gefahren<\/p>\n\n\n\n<p>05. 22. da Stammtisch ist nach Sardinien gefahren,&nbsp; \/ H u. H&nbsp; sind in Osteuropa und an Balkan rumgfahrn<\/p>\n\n\n\n<p>in&nbsp; 22 ..&nbsp; f\u00fcr mich ein ruiges Mopedjahr ( das soll sich \u00e4ndern! werd mal paar k\u00fcndigungen schreiben .. ich bin doch hier nicht der Depp in &#8222;D&#8220;..)<\/p>\n\n\n\n<p>01. 22&nbsp; ..&nbsp; jetzt Winterflucht in die T\u00fcrkei ausgemacht ab 27 . 03. solls losgehen.. \/&nbsp; &nbsp; ich bleib zuhause bei meiner Haus- Baustelle<\/p>\n\n\n\n<p>12. 21&nbsp; &nbsp; m\u00f6gliche Winterflucht besprochen&nbsp; &nbsp; &nbsp; &nbsp; &nbsp; &nbsp; &nbsp; &nbsp; &nbsp; &nbsp; &nbsp; &nbsp; &nbsp; &nbsp; &nbsp; &nbsp; &nbsp; &nbsp; &nbsp; &nbsp; &nbsp; &nbsp; &nbsp; &nbsp; &nbsp; &nbsp; &nbsp; &nbsp; &nbsp; evtl. nochmal Nord Thailand&nbsp; aber Fl\u00fcge aufwendig u. unsicher&nbsp; &nbsp; &nbsp; &nbsp;alternativ&nbsp; Nordamerika \/ Honduras im Gespr\u00e4ch..<\/p>\n\n\n\n<p>09. 21&nbsp; &nbsp; &nbsp; in 20 u. 21&nbsp; haben die Stammtischler doch ein paar Ausfahrten gemacht aber wegen der Coronalage sehr zur\u00fcckhaltend ..<\/p>\n\n\n\n<p>11. 20&nbsp; werde wohl sperlicher Berichten da ich ein Haus gekauft habe und ich da einiges Umrei\u00dfen mu\u00df<\/p>\n\n\n\n<p>08. 20 der Uwe w\u00fcrde u. U. die Bechtahl Cross strecke f\u00fcr uns im Herbst mal Organisieren, .. das w\u00e4re echt Super<\/p>\n\n\n\n<p>06. 20&nbsp; wir wollen eigentlich eine Karlowac-runde drehen, .. oder wenigstens&nbsp; in de Karawanken ( in Bowec \u00dcbernachten, das sollte doch gehen ) ..<\/p>\n\n\n\n<p>04. 20 die Fr\u00fchjahrsausfahrt entf\u00e4llt schon mal.&nbsp; ( Porec )<\/p>\n\n\n\n<p>02. 20 die CMT&nbsp; werden dieses Jahr in Franken beim bzw. vom Volker gemacht, .. ist ehh bisschen unklar ob M\u00f6glich wegen der Corona lage,..<\/p>\n\n\n\n<p>09. 19&nbsp; lt. Pozzy&nbsp; k\u00f6nnt ma mit\u00b4n Uwe&nbsp; nochmal im Bechthal Motocross fahren.. des w\u00e4r Supi.<\/p>\n\n\n\n<p>09. 19&nbsp; die Fl\u00fcge f\u00fcr unseren Dschungel tripp sind gebucht&nbsp;&nbsp;&nbsp;vom &nbsp;6. Feb.bis 27 Feb. &nbsp;gehts nach Shang Mai Thailand bzw. Laos&#8230;<\/p>\n\n\n\n<p>02.19&nbsp; im Februar 2020 wollen wir nochmal nord Thailand, mit r\u00fcberfahrt&nbsp; nach Laos und dort den Hong gi Ming pfad fahten,..(hoffe nur das den noch nicht Geteert haben..)<\/p>\n\n\n\n<p>01. 19&nbsp; werde mit.n &nbsp;Cagivastammtich im Mai nach Foxi \/ Roveretto fahren<\/p>\n\n\n\n<p>12.18&nbsp; im Mai will der Stammtisch f.eine Woche nach Sardinien fahren ( anstatt Yugorunde)<\/p>\n\n\n\n<p>09.18 wir wollen noch eine Herbst-Abschlu\u00dfrunde drehen, w. M. \u00fcber Karlowac und der K\u00fcstenstrasse<\/p>\n\n\n\n<p>06.18 w\u00fcrde gerne im Herbst mal im Balkan Enduro fahren<\/p>\n\n\n\n<p>03.18 im Mai wollen wir zum Saisonauftakt eine Yugorunde drehen<\/p>\n\n\n\n<p>02.18&nbsp; Winterflucht entf\u00e4llt, zumindest mit de Mopeds&#8230;aber wir Fliegen mitte Feb. nach Hurgara zum Baden<\/p>\n\n\n\n<p>11. 17&nbsp; Winterflucht noch Unklar,&nbsp; evtl. mal einen kurz-Trip &nbsp;nach Side&nbsp;,&nbsp;&nbsp; und vor Ostern evt. Kreta<\/p>\n\n\n\n<p>07. 17 evt fahrn ma im Sommerurlaub&nbsp;\u00fcber &nbsp;Bosnien nach Molvanien<\/p>\n\n\n\n<p>05.17&nbsp; an Christihimmelfahrt \/ Vatertag zum Saisonauftakt nach Porec<\/p>\n\n\n\n<p>01. 17&nbsp; Fl\u00fcge sind gebucht&nbsp; am 4 Feb.&nbsp; geht&#8217;s nach Bangkok, und dann&nbsp;rauf nach Cang Mai&nbsp;?&nbsp;&nbsp; wo auch immer das ist.<\/p>\n\n\n\n<p>11.16&nbsp; Winterflucht&nbsp; neues&nbsp; ernstzunehmendes Ziel&nbsp;&nbsp;&nbsp;&nbsp;&nbsp;&nbsp;&nbsp;&nbsp;&nbsp;&nbsp;&nbsp;&nbsp;&nbsp;&nbsp;&nbsp;&nbsp;&nbsp;&nbsp;&nbsp;&nbsp;&nbsp;&nbsp;&nbsp;&nbsp;&nbsp;&nbsp;&nbsp;&nbsp;&nbsp;&nbsp;&nbsp;&nbsp;&nbsp; im Februar nach Tailand \/ Burma \/ Laos,&nbsp;&nbsp;&nbsp;&nbsp;&nbsp;&nbsp;&nbsp;&nbsp; &nbsp;&nbsp;&nbsp;&nbsp;&nbsp;&nbsp;&nbsp;&nbsp;&nbsp;&nbsp;&nbsp;&nbsp;&nbsp;&nbsp;&nbsp;&nbsp;&nbsp;&nbsp;&nbsp;&nbsp;&nbsp;&nbsp;&nbsp;&nbsp;&nbsp;&nbsp;&nbsp;&nbsp;&nbsp;&nbsp;&nbsp;&nbsp;&nbsp;&nbsp;&nbsp;&nbsp;&nbsp;&nbsp;&nbsp;&nbsp;&nbsp;&nbsp;&nbsp;&nbsp; quwasi nur mitdm&nbsp; Rucksack in Flieger rein und im Dschungel Mopedfahrn<\/p>\n\n\n\n<p>11.16&nbsp; Der Pozzy fliegt gerade nach Kuba, &nbsp; &nbsp;&nbsp; recht hat er !!<\/p>\n\n\n\n<p>10.16&nbsp;&nbsp;&nbsp;Winterflucht-ziel&nbsp; 03.17&nbsp;&nbsp;&nbsp; evt.&nbsp;&nbsp;&nbsp;kanarische Inseln<\/p>\n\n\n\n<p>09.16&nbsp; der Hellei w\u00fcrd gern in 2017 &nbsp;mal&nbsp; in die Karpaten fahren,<\/p>\n\n\n\n<p>09.16 Termin f\u00fcr Herbstausfahrt&nbsp;&nbsp;&nbsp;&nbsp;&nbsp; am 20.Okt. nach Split&nbsp;&nbsp;&nbsp;&nbsp;&nbsp;&nbsp;&nbsp;&nbsp;&nbsp;&nbsp;&nbsp;&nbsp;&nbsp;&nbsp;&nbsp;&nbsp;&nbsp; &nbsp;&nbsp;die kroatische K\u00fcstenstra\u00dfe runter.<\/p>\n\n\n\n<p>06.16&nbsp; eigentlich sollte man mal&nbsp; Hexenkessel-, bzw. Steilwandfahren aber wo ??<\/p>\n\n\n\n<p>05.16&nbsp;&nbsp;&nbsp;&nbsp; &nbsp;&nbsp;Porec \/ Saisonstart nach hinten verschoben&nbsp;,&nbsp; werden daf\u00fcr&nbsp; vorab ein bisschen mehr Enduro fahren<\/p>\n\n\n\n<p class=\"has-text-align-center\">01.16&nbsp;&nbsp; Winterflucht-Besprechung&nbsp;&nbsp;&nbsp;&nbsp;&nbsp;&nbsp;&nbsp;&nbsp;&nbsp;&nbsp;&nbsp;&nbsp;&nbsp;&nbsp;&nbsp; Ziel&nbsp;&nbsp;erste M\u00e4rzwoche Portugal&nbsp; \/ Algarve<\/p>\n\n\n\n<p class=\"has-text-align-center\">01.16&nbsp;&nbsp;&nbsp;&nbsp; &nbsp;Termin gefunden, es hat sich ein wenig nach hinten verschoben, ich schreibe ihn wegen Mi\u00dfbrauchsgefahr bewu\u00dft hier nicht rein.<\/p>\n\n\n\n<p class=\"has-text-align-center\">Die Wilma und Ich werden euch (&nbsp;meine \/ unsere Freunde) demn\u00e4chst Einladen&nbsp;und den Termin mitteilen.<\/p>\n\n\n\n<p class=\"has-text-align-center\">11.15&nbsp;&nbsp; Chiemgauer Motorradtage&nbsp;&nbsp;&nbsp; &nbsp;&nbsp;&nbsp;&nbsp;&nbsp;&nbsp;&nbsp;&nbsp;&nbsp;&nbsp;&nbsp;&nbsp;&nbsp;&nbsp;&nbsp;&nbsp;&nbsp;&nbsp;&nbsp;&nbsp;&nbsp;&nbsp;&nbsp;&nbsp;&nbsp;&nbsp;&nbsp;&nbsp;&nbsp;&nbsp;&nbsp;&nbsp;&nbsp;&nbsp;&nbsp;&nbsp;&nbsp;&nbsp;&nbsp;&nbsp;&nbsp;&nbsp;&nbsp;&nbsp;&nbsp;&nbsp;&nbsp;&nbsp;&nbsp;&nbsp;&nbsp;&nbsp;&nbsp;&nbsp;&nbsp;&nbsp;&nbsp;&nbsp;&nbsp;&nbsp;&nbsp;&nbsp;&nbsp;&nbsp; will &nbsp;f\u00fcr meine Freunde und Bekannten eine &nbsp;Chiemgauer Motorradwoche&nbsp; machen&nbsp;&nbsp;&nbsp;&nbsp;&nbsp;&nbsp;&nbsp;&nbsp;&nbsp;&nbsp;&nbsp;&nbsp;&nbsp;&nbsp;&nbsp;&nbsp;&nbsp;&nbsp;&nbsp;&nbsp;&nbsp;&nbsp;Tipp an meine Freunde , \u00f6ftermal in meine Seite&nbsp;schauen, da kommt was<\/p>\n\n\n\n<p class=\"has-text-align-center\">05.15&nbsp; Tremalzo legal&nbsp;&nbsp; ca. 4 -7. 06.&nbsp; Do-So leider neuer B\u00fcrgermeister und daher keine Sondergenehmigungen mehr.<\/p>\n\n\n\n<p class=\"has-text-align-center\">Slowenische Grenzkammstr.&nbsp; = noch offen<\/p>\n\n\n\n<p class=\"has-text-align-center\">Elsastour&nbsp;&nbsp;&nbsp;&nbsp;&nbsp;&nbsp;&nbsp;&nbsp;&nbsp;&nbsp; = n. offen Zeitbedarf 1 Woche = verschieben<\/p>\n\n\n\n<p class=\"has-text-align-center\">Endurofahren Ungarn&nbsp;&nbsp; = z.Z. noch offen = Pozy fragen\/geht aber immer mal was&nbsp; ==&nbsp; 09.2015&nbsp;&nbsp; ab 18.10. solls losgehen<\/p>\n\n\n\n<p class=\"has-text-align-center\">T\u00fcrkei Enduro zum Mopedwaschen nach Kapadokien&nbsp; =&nbsp;&nbsp;&nbsp;&nbsp; evt. im&nbsp;Herbst&nbsp;&nbsp; ==&nbsp; &nbsp;09.2015&nbsp;&nbsp; der Pozzy&nbsp; fliegt jetzt runter<\/p>\n\n\n\n<p class=\"has-text-align-center\">Winterziel 15&nbsp; 16&nbsp;&nbsp; wom\u00f6glich wieder Ksar Ghuilaune \/ Storno !!Arabische Staaten zu unsicher&nbsp; daher evtl.&nbsp;&nbsp; Kreta im Winter<\/p>\n\n\n\n<p class=\"has-text-align-left\"><\/p>\n\n\n\n<p><\/p>\n\n\n\n<p><\/p>\n","protected":false},"excerpt":{"rendered":"<p>z.&nbsp;Z. m\u00f6gliche geplante Ausfahrten ; 12. 25 Lt. Stammtisch fliegt der Pozzy \u00fcber Weihnachten ect. nach Thailand,..zum Mopedfahren,. .ich frag mich woh der wieder \u00fcberall hintre greid.. ab sommer und herbst bin ich wieder am kabelziehen,.. tut GuT.. hatte in Fr\u00fchjahr 25 eine geplante Herz OP.. \/es alles gut gegangen,.. in . 24 paar intressante &hellip; <a href=\"https:\/\/endurotouren-schmiede.de\/?page_id=1438\" class=\"more-link\"><span class=\"screen-reader-text\">Vorschau<\/span> weiterlesen <span class=\"meta-nav\">&rarr;<\/span><\/a><\/p>\n","protected":false},"author":2,"featured_media":0,"parent":0,"menu_order":0,"comment_status":"open","ping_status":"closed","template":"","meta":{"footnotes":""},"class_list":["post-1438","page","type-page","status-publish","hentry"],"_links":{"self":[{"href":"https:\/\/endurotouren-schmiede.de\/index.php?rest_route=\/wp\/v2\/pages\/1438","targetHints":{"allow":["GET"]}}],"collection":[{"href":"https:\/\/endurotouren-schmiede.de\/index.php?rest_route=\/wp\/v2\/pages"}],"about":[{"href":"https:\/\/endurotouren-schmiede.de\/index.php?rest_route=\/wp\/v2\/types\/page"}],"author":[{"embeddable":true,"href":"https:\/\/endurotouren-schmiede.de\/index.php?rest_route=\/wp\/v2\/users\/2"}],"replies":[{"embeddable":true,"href":"https:\/\/endurotouren-schmiede.de\/index.php?rest_route=%2Fwp%2Fv2%2Fcomments&post=1438"}],"version-history":[{"count":40,"href":"https:\/\/endurotouren-schmiede.de\/index.php?rest_route=\/wp\/v2\/pages\/1438\/revisions"}],"predecessor-version":[{"id":7807,"href":"https:\/\/endurotouren-schmiede.de\/index.php?rest_route=\/wp\/v2\/pages\/1438\/revisions\/7807"}],"wp:attachment":[{"href":"https:\/\/endurotouren-schmiede.de\/index.php?rest_route=%2Fwp%2Fv2%2Fmedia&parent=1438"}],"curies":[{"name":"wp","href":"https:\/\/api.w.org\/{rel}","templated":true}]}}